{"id":424,"date":"2020-02-01T09:59:38","date_gmt":"2020-02-01T12:59:38","guid":{"rendered":"http:\/\/gifmania.com.br\/?page_id=424"},"modified":"2021-04-18T13:59:11","modified_gmt":"2021-04-18T16:59:11","slug":"sobre-o-gif-mania","status":"publish","type":"page","link":"https:\/\/gifmania.com.br\/index.php\/sobre-o-gif-mania\/","title":{"rendered":"Sobre o GIF Mania"},"content":{"rendered":"\n<div class=\"wp-block-image\"><figure class=\"aligncenter size-large\"><img loading=\"lazy\" decoding=\"async\" width=\"500\" height=\"200\" src=\"https:\/\/gifmania.com.br\/wp-content\/uploads\/2020\/02\/GIF_MANIA-1.gif\" alt=\"\" class=\"wp-image-426\"\/><\/figure><\/div>\n\n\n\n<h2 class=\"wp-block-heading\">Como tudo come\u00e7ou<\/h2>\n\n\n\n<p>Tudo come\u00e7ou numa tarde de s\u00e1bado, mais especificamente no dia 25 de Janeiro de 2020, da qual o criador do site, ao ver que existia uma grande demanda de gifs animados, decidiu criar um novo estilo de gifs.<\/p>\n\n\n\n<p>Misturando memes, cultura pop, refer\u00eancias e um design moderno, assim nasceram os primeiros gifs animados do GIF Mania.<\/p>\n\n\n\n<p>Logo ap\u00f3s o site entrar no ar, os incr\u00edveis gifs j\u00e1 come\u00e7aram a ser postados, com a garantia de que todos os dias os f\u00e3s do site ter\u00e3o a oportunidade de encontrar gifs fresquinhos.<\/p>\n\n\n\n<p>A miss\u00e3o do GIF Mania \u00e9 ser o <strong>melhor site de distribui\u00e7\u00e3o de gifs animados<\/strong> <strong>modernos do Brasil<\/strong>.<\/p>\n\n\n\n<p>Aos poucos, vamos conseguir. Enquanto isso, voc\u00ea pode nos ajudar adicionando o GIF Mania nos seus favoritos, divulgando os nossos gifs e voltando sempre!<\/p>\n\n\n\n<h2 class=\"wp-block-heading\">Canal<\/h2>\n\n\n\n<p>Em 2020, tamb\u00e9m lan\u00e7amos o Canal GIF Mania, mas apenas em 2021 come\u00e7amos a postar frequentemente mensagens animadas. Voc\u00ea pode inscrever-se <a href=\"http:\/\/www.youtube.com\/channel\/UC0-EXJ6PbGPCdEZh-eKfAgg?sub_confirmation=1\" target=\"_blank\" rel=\"noreferrer noopener\">clicando aqui<\/a>.<\/p>\n","protected":false},"excerpt":{"rendered":"<p>Como tudo come\u00e7ou Tudo come\u00e7ou numa tarde de s\u00e1bado, mais especificamente no dia 25 de Janeiro de 2020, da qual o criador do site, ao ver que existia uma grande demanda de gifs animados, decidiu criar um novo estilo de gifs. Misturando memes, cultura pop, refer\u00eancias e um design moderno, assim nasceram os primeiros gifs&#46;&#46;&#46;<\/p>\n","protected":false},"author":1,"featured_media":425,"parent":0,"menu_order":0,"comment_status":"closed","ping_status":"closed","template":"","meta":{"footnotes":""},"class_list":["post-424","page","type-page","status-publish","has-post-thumbnail","hentry"],"_links":{"self":[{"href":"https:\/\/gifmania.com.br\/index.php\/wp-json\/wp\/v2\/pages\/424","targetHints":{"allow":["GET"]}}],"collection":[{"href":"https:\/\/gifmania.com.br\/index.php\/wp-json\/wp\/v2\/pages"}],"about":[{"href":"https:\/\/gifmania.com.br\/index.php\/wp-json\/wp\/v2\/types\/page"}],"author":[{"embeddable":true,"href":"https:\/\/gifmania.com.br\/index.php\/wp-json\/wp\/v2\/users\/1"}],"replies":[{"embeddable":true,"href":"https:\/\/gifmania.com.br\/index.php\/wp-json\/wp\/v2\/comments?post=424"}],"version-history":[{"count":2,"href":"https:\/\/gifmania.com.br\/index.php\/wp-json\/wp\/v2\/pages\/424\/revisions"}],"predecessor-version":[{"id":1548,"href":"https:\/\/gifmania.com.br\/index.php\/wp-json\/wp\/v2\/pages\/424\/revisions\/1548"}],"wp:featuredmedia":[{"embeddable":true,"href":"https:\/\/gifmania.com.br\/index.php\/wp-json\/wp\/v2\/media\/425"}],"wp:attachment":[{"href":"https:\/\/gifmania.com.br\/index.php\/wp-json\/wp\/v2\/media?parent=424"}],"curies":[{"name":"wp","href":"https:\/\/api.w.org\/{rel}","templated":true}]}}