{"id":3,"date":"2020-01-25T14:19:51","date_gmt":"2020-01-25T17:19:51","guid":{"rendered":"http:\/\/gifmania.com.br\/?page_id=3"},"modified":"2020-01-30T19:35:56","modified_gmt":"2020-01-30T22:35:56","slug":"politica-de-privacidade","status":"publish","type":"page","link":"https:\/\/gifmania.com.br\/index.php\/politica-de-privacidade\/","title":{"rendered":"Pol\u00edtica de privacidade"},"content":{"rendered":"\n<p>GIF Mania \u00e9 o website citado. O endere\u00e7o do nosso site \u00e9: http:\/\/gifmania.com.br. O usu\u00e1rio \u00e9 descrito como &#8220;Voc\u00ea&#8221;.<\/p>\n\n\n\n<h2 class=\"wp-block-heading\">Quais dados pessoais coletamos e porque<\/h2>\n\n\n\n<h3 class=\"wp-block-heading\">Coment\u00e1rios<\/h3>\n\n\n\n<p>Quando os visitantes deixam coment\u00e1rios no site, coletamos os dados mostrados no formul\u00e1rio de coment\u00e1rios, al\u00e9m do endere\u00e7o de IP e de dados do navegador do visitante, para auxiliar na detec\u00e7\u00e3o de spam.<\/p>\n\n\n\n<p>Uma sequ\u00eancia anonimizada de caracteres criada a partir do seu e-mail (tamb\u00e9m chamada de hash) poder\u00e1 ser enviada para o Gravatar para verificar se voc\u00ea usa o servi\u00e7o. A pol\u00edtica de privacidade do Gravatar est\u00e1 dispon\u00edvel aqui: https:\/\/automattic.com\/privacy\/. Depois da aprova\u00e7\u00e3o do seu coment\u00e1rio, a foto do seu perfil fica vis\u00edvel publicamente junto de seu coment\u00e1rio.<\/p>\n\n\n\n<h3 class=\"wp-block-heading\">Formul\u00e1rios de contato<\/h3>\n\n\n\n<p>Ao usar o recurso de Pe\u00e7a o seu GIF Animado, coletaremos o seu nome e o seu e-mail em nosso banco de dados para futuro contato. N\u00e3o divulgaremos quaisquer dados pessoais e todas as mensagens ser\u00e3o enviadas atrav\u00e9s do nosso e-mail, contato@gifmania.com.br<\/p>\n\n\n\n<h3 class=\"wp-block-heading\">Cookies<\/h3>\n\n\n\n<p> Podemos recolher informa\u00e7\u00e3o sua usando \u2018cookies\u2019. Cookies s\u00e3o pequenos arquivos de dados armazenados no disco r\u00edgido do seu computador, ou dispositivo m\u00f3vel no seu browser. Podemos usar tanto cookies (que expiram depois de fechar o browser) como cookies sem data de expira\u00e7\u00e3o ( que ficam no seu computador, ou dispositivo m\u00f3vel at\u00e9 que voc\u00ea os apague) para fornecer-lhe uma experi\u00eancia mais pessoal e interativa no nosso website. Usamos dois tipos de cookies: Primeiramente cookies inseridos por n\u00f3s no seu computador, ou dispositivo m\u00f3vel, que n\u00f3s utilizamos para reconhecer quando voc\u00ea voltar a visitar o nosso website; e cookies de terceiros que s\u00e3o de servi\u00e7os prestados por terceiros no nosso website, e que podem ser usados para reconhecer quando o seu computador, ou dispositivo m\u00f3vel visita o nosso e outros websites. <\/p>\n\n\n\n<h3 class=\"wp-block-heading\">Coment\u00e1rios e Avalia\u00e7\u00f5es<\/h3>\n\n\n\n<p>Ao deixar um coment\u00e1rio no site, voc\u00ea poder\u00e1 optar por salvar seu nome, e-mail e site nos cookies. Isso visa seu conforto, assim voc\u00ea n\u00e3o precisar\u00e1 preencher seus  dados novamente quando fizer outro coment\u00e1rio. Estes cookies duram um ano.<\/p>\n\n\n\n<p>Se voc\u00ea tem uma conta e acessa este site, um cookie tempor\u00e1rio ser\u00e1 criado para determinar se seu navegador aceita cookies. Ele n\u00e3o cont\u00e9m nenhum dado pessoal e ser\u00e1 descartado quando voc\u00ea fechar seu navegador.<\/p>\n\n\n\n<p>N\u00f3s coletamos um cookie toda vez que voc\u00ea interagir com a avalia\u00e7\u00e3o dos gifs animados. Isso servir\u00e1 para garantir que um mesmo usu\u00e1rio n\u00e3o vote duas vezes no mesmo GIF. Da mesma forma coletamos quando voc\u00ea enviar um feedback atrav\u00e9s da avalia\u00e7\u00e3o.<\/p>\n\n\n\n<h3 class=\"wp-block-heading\">M\u00eddia incorporada de outros sites<\/h3>\n\n\n\n<p>Artigos neste site podem incluir conte\u00fado incorporado como, por exemplo, v\u00eddeos, imagens, artigos, etc. Conte\u00fados incorporados de outros sites se comportam exatamente da mesma forma como se o visitante estivesse visitando o outro site.<\/p>\n\n\n\n<p>Estes sites podem coletar dados sobre voc\u00ea, usar cookies, incorporar rastreamento adicional de terceiros e monitorar sua intera\u00e7\u00e3o com este conte\u00fado incorporado, incluindo sua intera\u00e7\u00e3o com o conte\u00fado incorporado se voc\u00ea tem uma conta e est\u00e1 conectado com o site.<\/p>\n\n\n\n<h3 class=\"wp-block-heading\">An\u00e1lises<\/h3>\n\n\n\n<p> Estes cookies servem para recolher a informa\u00e7\u00f5es sobre o tr\u00e1fego do nosso website e como os utilizadores utiliza\u00e7\u00e3o e navegam no website. A informa\u00e7\u00e3o recolhida n\u00e3o identifica em particular nenhum utilizador. Inclui o n\u00famero de visitantes no nosso website, os websites que indicam o nosso website, as p\u00e1ginas que os utilizadores visitam, os poss\u00edveis websites que eles visitaram anteriormente e outras informa\u00e7\u00f5es similares. N\u00f3s utilizamos estas informa\u00e7\u00f5es para melhorar e monitorar a atividade do nosso website. N\u00f3s utilizamos o Google Analytics com este prop\u00f3sito. Google Analytics utiliza os seus pr\u00f3prio cookies. \u00c9 somente utilizado para melhorar a forma como o nosso website funciona. Poder\u00e1 saber mais informa\u00e7\u00e3o sobre os cookies do Google Analytics aqui: https:\/\/developers.google.com\/analytics\/devguides\/collection\/analyticsjs\/cookie-usage Saiba mais como o Google protege os seus dados aqui: http:\/\/www.google.com\/analytics\/learn\/privacy.html Voc\u00ea pode evitar o uso deste cookie do Google Analytics no seu browser ao instalar uma extens\u00e3o no Google Chrome, poder\u00e1 baixar esta extens\u00e3o aqui: https:\/\/tools.google.com\/dlpage\/gaoptout?hl=pt-BR <\/p>\n\n\n\n<h2 class=\"wp-block-heading\">Publicidade<\/h2>\n\n\n\n<p> Estes cookies analisam a forma como navega para podermos mostrar-lhe an\u00fancios que provavelmente ser\u00e3o do seu interesse. Este cookies utilizam a informa\u00e7\u00e3o do seu hist\u00f3rico de navega\u00e7\u00e3o que com a sua permiss\u00e3o mostra-lhe an\u00fancios relevantes de terceiros, baseado nos seus interesses. Voc\u00ea pode desabilitar cookies que guardam o hist\u00f3rico da sua navega\u00e7\u00e3o, visitando o website http:\/\/ www.youronlinechoices.com\/uk\/your-ad-choices . Se escolher remover este tipo de cookies, voc\u00ea ver\u00e1 na mesma os an\u00fancios, mas n\u00e3o ser\u00e3o relevantes segundo os seus interesses. <\/p>\n\n\n\n<h2 class=\"wp-block-heading\">Por quanto tempo mantemos os seus dados<\/h2>\n\n\n\n<p>Se voc\u00ea deixar um coment\u00e1rio, o coment\u00e1rio e os seus metadados s\u00e3o conservados indefinidamente. Fazemos isso para que seja poss\u00edvel reconhecer e aprovar automaticamente qualquer coment\u00e1rio posterior ao inv\u00e9s de ret\u00ea-lo para modera\u00e7\u00e3o.<\/p>\n\n\n\n<p>Para usu\u00e1rios que se registram no nosso site (se houver), tamb\u00e9m guardamos as informa\u00e7\u00f5es pessoais que fornecem no seu perfil de usu\u00e1rio. Todos os usu\u00e1rios podem ver, editar ou excluir suas informa\u00e7\u00f5es pessoais a qualquer momento (s\u00f3 n\u00e3o \u00e9 poss\u00edvel alterar o seu username). Os administradores de sites tamb\u00e9m podem ver e editar estas informa\u00e7\u00f5es.<\/p>\n\n\n\n<h2 class=\"wp-block-heading\">Quais os seus direitos sobre seus dados<\/h2>\n\n\n\n<p>Se voc\u00ea tiver uma conta neste site ou se tiver deixado coment\u00e1rios, pode solicitar um arquivo exportado dos dados pessoais que mantemos sobre voc\u00ea, inclusive quaisquer dados que nos tenha fornecido. Tamb\u00e9m pode solicitar que removamos qualquer dado pessoal que mantemos sobre voc\u00ea. Isto n\u00e3o inclui nenhuns dados que somos obrigados a manter para prop\u00f3sitos administrativos, legais ou de seguran\u00e7a.<\/p>\n\n\n\n<h2 class=\"wp-block-heading\">Para onde enviamos seus dados<\/h2>\n\n\n\n<p>Coment\u00e1rios de visitantes podem ser marcados por um servi\u00e7o autom\u00e1tico de detec\u00e7\u00e3o de spam.<\/p>\n\n\n\n<h2 class=\"wp-block-heading\">Como voc\u00ea pode solicitar os dados que temos sobre voc\u00ea<\/h2>\n\n\n\n<p>Se tiver qualquer d\u00favida ou quer que tenhamos qualquer dado seu eliminado, por favor, entre em contato atrav\u00e9s do e-mail contato@gifmania.com.br<\/p>\n","protected":false},"excerpt":{"rendered":"<p>GIF Mania \u00e9 o website citado. O endere\u00e7o do nosso site \u00e9: http:\/\/gifmania.com.br. O usu\u00e1rio \u00e9 descrito como &#8220;Voc\u00ea&#8221;. Quais dados pessoais coletamos e porque Coment\u00e1rios Quando os visitantes deixam coment\u00e1rios no site, coletamos os dados mostrados no formul\u00e1rio de coment\u00e1rios, al\u00e9m do endere\u00e7o de IP e de dados do navegador do visitante, para auxiliar&#46;&#46;&#46;<\/p>\n","protected":false},"author":1,"featured_media":0,"parent":0,"menu_order":0,"comment_status":"closed","ping_status":"open","template":"","meta":{"footnotes":""},"class_list":["post-3","page","type-page","status-publish","hentry"],"_links":{"self":[{"href":"https:\/\/gifmania.com.br\/index.php\/wp-json\/wp\/v2\/pages\/3","targetHints":{"allow":["GET"]}}],"collection":[{"href":"https:\/\/gifmania.com.br\/index.php\/wp-json\/wp\/v2\/pages"}],"about":[{"href":"https:\/\/gifmania.com.br\/index.php\/wp-json\/wp\/v2\/types\/page"}],"author":[{"embeddable":true,"href":"https:\/\/gifmania.com.br\/index.php\/wp-json\/wp\/v2\/users\/1"}],"replies":[{"embeddable":true,"href":"https:\/\/gifmania.com.br\/index.php\/wp-json\/wp\/v2\/comments?post=3"}],"version-history":[{"count":1,"href":"https:\/\/gifmania.com.br\/index.php\/wp-json\/wp\/v2\/pages\/3\/revisions"}],"predecessor-version":[{"id":383,"href":"https:\/\/gifmania.com.br\/index.php\/wp-json\/wp\/v2\/pages\/3\/revisions\/383"}],"wp:attachment":[{"href":"https:\/\/gifmania.com.br\/index.php\/wp-json\/wp\/v2\/media?parent=3"}],"curies":[{"name":"wp","href":"https:\/\/api.w.org\/{rel}","templated":true}]}}